{"id":5044,"date":"2025-12-09T09:12:22","date_gmt":"2025-12-09T09:12:22","guid":{"rendered":"https:\/\/cwca-ps.org\/%d8%a7%d9%84%d9%88%d8%b6%d8%b9-%d8%a7%d9%84%d9%82%d8%a7%d9%86%d9%88%d9%86%d9%8a-%d9%84%d9%84%d8%ac%d9%85%d8%b9%d9%8a%d8%a9\/"},"modified":"2025-12-11T22:54:13","modified_gmt":"2025-12-11T22:54:13","slug":"%d8%a7%d9%84%d9%88%d8%b6%d8%b9-%d8%a7%d9%84%d9%82%d8%a7%d9%86%d9%88%d9%86%d9%8a-%d9%84%d9%84%d8%ac%d9%85%d8%b9%d9%8a%d8%a9","status":"publish","type":"page","link":"https:\/\/cwca-ps.org\/tr\/%d8%a7%d9%84%d9%88%d8%b6%d8%b9-%d8%a7%d9%84%d9%82%d8%a7%d9%86%d9%88%d9%86%d9%8a-%d9%84%d9%84%d8%ac%d9%85%d8%b9%d9%8a%d8%a9\/","title":{"rendered":"Derne\u011fin hukuki stat\u00fcs\u00fc"},"content":{"rendered":"\t\t<div data-elementor-type=\"wp-page\" data-elementor-id=\"5044\" class=\"elementor elementor-5044 elementor-4915\" data-elementor-post-type=\"page\">\n\t\t\t\t<div class=\"elementor-element elementor-element-7722aae e-flex e-con-boxed e-con e-parent\" data-id=\"7722aae\" data-element_type=\"container\" data-e-type=\"container\">\n\t\t\t\t\t<div class=\"e-con-inner\">\n\t\t<div class=\"elementor-element elementor-element-3696f49 e-con-full e-flex e-con e-child\" data-id=\"3696f49\" data-element_type=\"container\" data-e-type=\"container\">\n\t\t\t\t<div class=\"elementor-element elementor-element-c85801d elementor-widget elementor-widget-heading\" data-id=\"c85801d\" data-element_type=\"widget\" data-e-type=\"widget\" data-widget_type=\"heading.default\">\n\t\t\t\t\t<h1 class=\"elementor-heading-title elementor-size-default\">Derne\u011fin hukuki stat\u00fcs\u00fc<br><\/h1>\t\t\t\t<\/div>\n\t\t\t\t<\/div>\n\t\t<div class=\"elementor-element elementor-element-8a3ac44 e-con-full e-flex e-con e-child\" data-id=\"8a3ac44\" data-element_type=\"container\" data-e-type=\"container\">\n\t\t\t\t<div class=\"elementor-element elementor-element-ad97cf5 elementor-widget elementor-widget-heading\" data-id=\"ad97cf5\" data-element_type=\"widget\" data-e-type=\"widget\" data-widget_type=\"heading.default\">\n\t\t\t\t\t<h1 class=\"elementor-heading-title elementor-size-default\">Derne\u011fi tan\u0131t\u0131yoruz<br> <\/h1>\t\t\t\t<\/div>\n\t\t\t\t<\/div>\n\t\t<div class=\"elementor-element elementor-element-171dd61 e-con-full e-flex e-con e-child\" data-id=\"171dd61\" data-element_type=\"container\" data-e-type=\"container\">\n\t\t\t\t<div class=\"elementor-element elementor-element-20f6dec elementor-widget elementor-widget-text-editor\" data-id=\"20f6dec\" data-element_type=\"widget\" data-e-type=\"widget\" data-widget_type=\"text-editor.default\">\n\t\t\t\t\t\t\t\t\t<p><strong>\u00c7ocukluk Mutlulu\u011fu Yard\u0131m Derne\u011fi, Filistin merkezli, kar amac\u0131 g\u00fctmeyen bir hay\u0131r kurulu\u015fudur.<\/strong><\/p><p>Filistin&#8217;in Gazze \u015eeridi b\u00f6lgesinde faaliyet g\u00f6steren dernek, hay\u0131r i\u015fleri alan\u0131nda aktif kurulu\u015flardan biridir.<\/p><p>Yetimlere sponsorluk yap\u0131lmas\u0131na katk\u0131da bulundu\u011fu yerlerde,<\/p><p>Ve yoksul ve muhta\u00e7 ailelere yard\u0131m etmek i\u00e7in,<\/p><p>Ve \u00f6zel ihtiya\u00e7lar\u0131 olan insanlara bak\u0131m sa\u011flamak,<\/p><p>Dernek ayr\u0131ca bir\u00e7ok hay\u0131rseverlik, insani yard\u0131m, e\u011fitim, yard\u0131m, dini, sosyal ve mevsimlik projeyi de hayata ge\u00e7iriyor.<\/p><p>Bu, ihtiya\u00e7 sahibi gruplara destek olmaya ve sosyal dayan\u0131\u015fmay\u0131 g\u00fc\u00e7lendirmeye katk\u0131da bulunur.<\/p><p><strong>Dernek, yetimlerin bak\u0131m\u0131 ve himayesine \u00f6zel \u00f6nem vermektedir.<\/strong><\/p><p>Yoksul ve dezavantajl\u0131 aileleri desteklemek,<\/p><p>Ve \u00f6zel ihtiya\u00e7lar\u0131 olan ki\u015filere yard\u0131m sa\u011flamak.<\/p><p>Bunun yan\u0131 s\u0131ra, faydalan\u0131c\u0131lar\u0131n ya\u015fam, e\u011fitim ve sa\u011fl\u0131k ko\u015fullar\u0131n\u0131 iyile\u015ftirmeye katk\u0131da bulunan s\u00fcrd\u00fcr\u00fclebilir projeleri hayata ge\u00e7irmek.<\/p><p>\u00a0<\/p>\t\t\t\t\t\t\t\t<\/div>\n\t\t\t\t<\/div>\n\t\t<div class=\"elementor-element elementor-element-18afdf1 e-con-full e-flex e-con e-child\" data-id=\"18afdf1\" data-element_type=\"container\" data-e-type=\"container\">\n\t\t\t\t<div class=\"elementor-element elementor-element-30e8eb5 elementor-widget elementor-widget-heading\" data-id=\"30e8eb5\" data-element_type=\"widget\" data-e-type=\"widget\" data-widget_type=\"heading.default\">\n\t\t\t\t\t<h1 class=\"elementor-heading-title elementor-size-default\">\u00c7ocukluk Mutlulu\u011fu Yard\u0131m Derne\u011fi'nin Hukuki Stat\u00fcs\u00fc<\/h1>\t\t\t\t<\/div>\n\t\t\t\t<\/div>\n\t\t<div class=\"elementor-element elementor-element-0399ce4 e-con-full e-flex e-con e-child\" data-id=\"0399ce4\" data-element_type=\"container\" data-e-type=\"container\">\n\t\t\t\t<div class=\"elementor-element elementor-element-5390186 elementor-widget elementor-widget-text-editor\" data-id=\"5390186\" data-element_type=\"widget\" data-e-type=\"widget\" data-widget_type=\"text-editor.default\">\n\t\t\t\t\t\t\t\t\t<p><strong>Dernek, Filistin Devleti&#8217;nde y\u00fcr\u00fcrl\u00fckte olan kanun ve y\u00f6netmelikler \u00e7er\u00e7evesinde faaliyet g\u00f6stermektedir.<\/strong><\/p><p>Bu, 2000 tarihli (1) numaral\u0131 Hay\u0131r Kurumlar\u0131 ve Sivil \u00d6rg\u00fctler Kanunu h\u00fck\u00fcmlerine tabidir,<\/p><p>Resmi makamlar\u0131n g\u00f6zetimi alt\u0131nda.<\/p><ul><li><strong><strong>\u00c7ocukluk Mutlulu\u011fu Yard\u0131m Derne\u011fi,<\/strong><\/strong><p>H\u00fck\u00fcmet d\u0131\u015f\u0131, hay\u0131r ama\u00e7l\u0131 bir dernek<\/p><p>K\u00e2r amac\u0131 g\u00fctmeyen.<\/p><\/li><li><strong><strong>2006&#8217;dan beri lisansl\u0131 ve akredite,<\/strong><\/strong><p>25\/02\/2006 tarihinde<\/p><\/li><li><strong><strong>Filistin \u0130\u00e7i\u015fleri Bakanl\u0131\u011f\u0131 taraf\u0131ndan lisansland\u0131r\u0131lm\u0131\u015ft\u0131r, lisans numaras\u0131 &#8220;7526&#8221;d\u0131r.<\/strong><\/strong><\/li><li>Filistin Sosyal Kalk\u0131nma Bakanl\u0131\u011f\u0131 taraf\u0131ndan lisansland\u0131r\u0131lm\u0131\u015ft\u0131r, lisans numaras\u0131 &#8220;G1201&#8243;dir.<\/li><li><p><strong>Derne\u011fin Bank of Palestine, Al-Rimal \u015fubesinde resmi ve onayl\u0131 bir banka hesab\u0131 bulunmaktad\u0131r (hesap numaras\u0131: 1112633). <\/strong><span style=\"font-size: 16px;\">Filistin \u0130\u00e7i\u015fleri Bakanl\u0131\u011f\u0131, Filistin Sosyal Kalk\u0131nma Bakanl\u0131\u011f\u0131 ve Filistin Para Otoritesi taraf\u0131ndan tescil edilmi\u015f ve akredite edilmi\u015ftir.<\/span><\/p><\/li><\/ul><p>\u00a0<\/p>\t\t\t\t\t\t\t\t<\/div>\n\t\t\t\t<\/div>\n\t\t<div class=\"elementor-element elementor-element-4698144 e-con-full e-flex e-con e-child\" data-id=\"4698144\" data-element_type=\"container\" data-e-type=\"container\">\n\t\t\t\t<div class=\"elementor-element elementor-element-0fe852a elementor-widget elementor-widget-heading\" data-id=\"0fe852a\" data-element_type=\"widget\" data-e-type=\"widget\" data-widget_type=\"heading.default\">\n\t\t\t\t\t<h1 class=\"elementor-heading-title elementor-size-default\">Dernek mesaj\u0131<\/h1>\t\t\t\t<\/div>\n\t\t\t\t<\/div>\n\t\t<div class=\"elementor-element elementor-element-ae4c2b9 e-con-full e-flex e-con e-child\" data-id=\"ae4c2b9\" data-element_type=\"container\" data-e-type=\"container\">\n\t\t\t\t<div class=\"elementor-element elementor-element-e84379e elementor-widget elementor-widget-text-editor\" data-id=\"e84379e\" data-element_type=\"widget\" data-e-type=\"widget\" data-widget_type=\"text-editor.default\">\n\t\t\t\t\t\t\t\t\t<p><strong>Dernek, \u00e7ocuklar\u0131n ve ihtiya\u00e7 sahibi ailelerin yeteneklerini geli\u015ftirmek ve g\u00fc\u00e7lendirmek i\u00e7in \u00e7al\u0131\u015fmaktad\u0131r.<br \/>Ve onlar\u0131n ac\u0131lar\u0131n\u0131 hafifletmek i\u00e7in,<br \/>Dernek, Filistin toplumunun t\u00fcm kesimlerini hedef almaktad\u0131r.<br \/>Amac\u0131 sosyal adaleti sa\u011flamakt\u0131r.<\/strong><\/p><p><strong>Yard\u0131m ve e\u011fitim projeleri arac\u0131l\u0131\u011f\u0131yla ihtiya\u00e7 sahibi \u00e7ocuklara ve ailelere destek sa\u011flamak.<br \/>Sa\u011fl\u0131k ve geli\u015fme,<br \/>S\u00fcrd\u00fcr\u00fclebilir kalk\u0131nmay\u0131 sa\u011flamak amac\u0131yla yerel ve uluslararas\u0131 ortakl\u0131klar kurarak hay\u0131rseverlik k\u00fclt\u00fcr\u00fcn\u00fc te\u015fvik etmek.<br \/><\/strong><\/p>\t\t\t\t\t\t\t\t<\/div>\n\t\t\t\t<\/div>\n\t\t<div class=\"elementor-element elementor-element-244b414 e-con-full e-flex e-con e-child\" data-id=\"244b414\" data-element_type=\"container\" data-e-type=\"container\">\n\t\t\t\t<div class=\"elementor-element elementor-element-bbf1779 elementor-widget elementor-widget-heading\" data-id=\"bbf1779\" data-element_type=\"widget\" data-e-type=\"widget\" data-widget_type=\"heading.default\">\n\t\t\t\t\t<h1 class=\"elementor-heading-title elementor-size-default\">Dernek de\u011ferleri<\/h1>\t\t\t\t<\/div>\n\t\t\t\t<\/div>\n\t\t<div class=\"elementor-element elementor-element-27fe061 e-con-full e-flex e-con e-child\" data-id=\"27fe061\" data-element_type=\"container\" data-e-type=\"container\">\n\t\t\t\t<div class=\"elementor-element elementor-element-e9c3d6c elementor-widget elementor-widget-text-editor\" data-id=\"e9c3d6c\" data-element_type=\"widget\" data-e-type=\"widget\" data-widget_type=\"text-editor.default\">\n\t\t\t\t\t\t\t\t\t<p><strong>\u00c7al\u0131\u015fmalar\u0131m\u0131zda \u015feffafl\u0131k, d\u00fcr\u00fcstl\u00fck, do\u011fruluk, adalet, e\u015fitlik ve ba\u011fl\u0131l\u0131k ilkelerine ba\u011fl\u0131y\u0131z.<br \/>Sosyal sorumlulu\u011fu destekliyoruz.<br \/>Projelerimizde s\u00fcrd\u00fcr\u00fclebilirli\u011fi hedefliyoruz.<br \/>Biz bir ekip olarak \u00e7al\u0131\u015f\u0131yoruz.<br \/>Topluma hizmet etmek i\u00e7in i\u015fbirli\u011fi ve ortakl\u0131k yoluyla<br \/><\/strong><\/p>\t\t\t\t\t\t\t\t<\/div>\n\t\t\t\t<\/div>\n\t\t<div class=\"elementor-element elementor-element-704b7ee e-con-full e-flex e-con e-child\" data-id=\"704b7ee\" data-element_type=\"container\" data-e-type=\"container\">\n\t\t\t\t<div class=\"elementor-element elementor-element-8c13dd0 elementor-widget elementor-widget-heading\" data-id=\"8c13dd0\" data-element_type=\"widget\" data-e-type=\"widget\" data-widget_type=\"heading.default\">\n\t\t\t\t\t<h1 class=\"elementor-heading-title elementor-size-default\">Hedef gruplar<\/h1>\t\t\t\t<\/div>\n\t\t\t\t<\/div>\n\t\t<div class=\"elementor-element elementor-element-3d3e3f0 e-con-full e-flex e-con e-child\" data-id=\"3d3e3f0\" data-element_type=\"container\" data-e-type=\"container\">\n\t\t\t\t<div class=\"elementor-element elementor-element-1cabd70 elementor-widget elementor-widget-text-editor\" data-id=\"1cabd70\" data-element_type=\"widget\" data-e-type=\"widget\" data-widget_type=\"text-editor.default\">\n\t\t\t\t\t\t\t\t\t<p><strong>Derne\u011fin hizmetleri \u00e7ocuklara, yetimlere ve dul kad\u0131nlara y\u00f6neliktir.<br \/>yoksul aileler ve kad\u0131nlar,<br \/>D\u0131\u015flanm\u0131\u015f gruplar ve yerinden edilmi\u015f ki\u015filer,<br \/>Y\u0131k\u0131lan evlerin sahipleri,<br \/>Ve di\u011ferleri, yoksullar ve muhta\u00e7lar<br \/><\/strong><\/p>\t\t\t\t\t\t\t\t<\/div>\n\t\t\t\t<\/div>\n\t\t<div class=\"elementor-element elementor-element-1ee9c13 e-con-full e-flex e-con e-child\" data-id=\"1ee9c13\" data-element_type=\"container\" data-e-type=\"container\">\n\t\t\t\t<div class=\"elementor-element elementor-element-45c6d8a elementor-widget elementor-widget-heading\" data-id=\"45c6d8a\" data-element_type=\"widget\" data-e-type=\"widget\" data-widget_type=\"heading.default\">\n\t\t\t\t\t<h1 class=\"elementor-heading-title elementor-size-default\">Resmi makamlarca onaylanan y\u00f6netmeliklerde belirtilen stratejik hedefler.<\/h1>\t\t\t\t<\/div>\n\t\t\t\t<\/div>\n\t\t<div class=\"elementor-element elementor-element-ee050f2 e-con-full e-flex e-con e-child\" data-id=\"ee050f2\" data-element_type=\"container\" data-e-type=\"container\">\n\t\t\t\t<div class=\"elementor-element elementor-element-a0e6a92 elementor-widget elementor-widget-text-editor\" data-id=\"a0e6a92\" data-element_type=\"widget\" data-e-type=\"widget\" data-widget_type=\"text-editor.default\">\n\t\t\t\t\t\t\t\t\t<p>&#8211; Kad\u0131nlar\u0131n ve \u00e7ocuklar\u0131n t\u00fcm alanlardaki yeteneklerini g\u00fc\u00e7lendirmek ve geli\u015ftirmek.<\/p><p>&#8211; \u00c7ocuklar\u0131n e\u011fitim ve k\u00fclt\u00fcr d\u00fczeyini y\u00fckseltmek.<\/p><p>&#8211; Filistinli ailelerin ve yetimlerin ya\u015fam ko\u015fullar\u0131n\u0131 iyile\u015ftirmek.<\/p><p>&#8211; Uygun yerlerde erken \u00e7ocukluk bak\u0131m\u0131 sa\u011flamak ve anaokullar\u0131 kurmak.<\/p><p>&#8211; Yerel topluma fayda sa\u011flayan yard\u0131m ve kalk\u0131nma projeleri uygulamak.<\/p><p>&#8211; \u0130nsani yard\u0131m faaliyetleri ve ya\u015famlar\u0131n\u0131 destekleyen programlar arac\u0131l\u0131\u011f\u0131yla marjinalle\u015ftirilmi\u015f ve savunmas\u0131z gruplara hizmet etmek, onlar\u0131 g\u00fc\u00e7lendirmek ve onlara \u00f6zen g\u00f6stermek.<\/p><p>&#8211; T\u00fcm alanlarda toplumsal kalk\u0131nmaya katk\u0131da bulunmak.<\/p>\t\t\t\t\t\t\t\t<\/div>\n\t\t\t\t<\/div>\n\t\t\t\t\t<\/div>\n\t\t\t\t<\/div>\n\t\t<div class=\"elementor-element elementor-element-bf1dfad e-flex e-con-boxed e-con e-parent\" data-id=\"bf1dfad\" data-element_type=\"container\" data-e-type=\"container\">\n\t\t\t\t\t<div class=\"e-con-inner\">\n\t\t\t\t<div class=\"elementor-element elementor-element-ff1eaca elementor-widget elementor-widget-heading\" data-id=\"ff1eaca\" data-element_type=\"widget\" data-e-type=\"widget\" data-widget_type=\"heading.default\">\n\t\t\t\t\t<h1 class=\"elementor-heading-title elementor-size-default\">\u00c7ocuk Refah\u0131 Yard\u0131m Derne\u011fi: Filistin toplumuna hizmet etme ve s\u00fcrd\u00fcr\u00fclebilir kalk\u0131nmay\u0131 te\u015fvik etme vizyonu ve misyonu<\/h1>\t\t\t\t<\/div>\n\t\t\t\t\t<\/div>\n\t\t\t\t<\/div>\n\t\t<div class=\"elementor-element elementor-element-339358d e-flex e-con-boxed e-con e-parent\" data-id=\"339358d\" data-element_type=\"container\" data-e-type=\"container\">\n\t\t\t\t\t<div class=\"e-con-inner\">\n\t\t\t\t<div class=\"elementor-element elementor-element-41f1c89 elementor-widget elementor-widget-text-editor\" data-id=\"41f1c89\" data-element_type=\"widget\" data-e-type=\"widget\" data-widget_type=\"text-editor.default\">\n\t\t\t\t\t\t\t\t\t<p><strong>\u00c7ocukluk Mutlulu\u011fu Yard\u0131m Derne\u011fi, Filistin toplumunun ihtiya\u00e7lar\u0131n\u0131 kar\u015f\u0131lamak ve adalet, e\u015fitlik ve \u015feffafl\u0131k de\u011ferlerini yans\u0131tan geni\u015f bir yelpazedeki insani yard\u0131m ve hizmet projeleri arac\u0131l\u0131\u011f\u0131yla sosyal dayan\u0131\u015fma ve s\u00fcrd\u00fcr\u00fclebilir kalk\u0131nmay\u0131 sa\u011flamak i\u00e7in s\u00fcregelen \u00e7abalar\u0131n\u0131 s\u00fcrd\u00fcrmektedir. Dernek, e\u011fitim, sa\u011fl\u0131k, g\u0131da ve sosyal bak\u0131m\u0131 te\u015fvik etmeye odaklanan kapsaml\u0131 kalk\u0131nma programlar\u0131 arac\u0131l\u0131\u011f\u0131yla, \u00f6zellikle en savunmas\u0131z ve muhta\u00e7 gruplara \u00f6zel \u00f6nem vererek, \u00e7e\u015fitli ko\u015fullardaki ailelere ve bireylere b\u00fct\u00fcnle\u015fik ve hedefli destek sa\u011flamay\u0131 ama\u00e7lamaktad\u0131r.<\/strong><\/p><p>Dernek, ge\u00e7ti\u011fimiz y\u0131llarda bir\u00e7ok somut ba\u015far\u0131ya imza atm\u0131\u015f olup, Filistin&#8217;in g\u00fcneyindeki \u00e7e\u015fitli vilayetlerde ve Gazze \u015eeridi&#8217;nde binlerce aile ve birey, derne\u011fin program ve projelerinden faydalanm\u0131\u015ft\u0131r. Derne\u011fin \u00e7abalar\u0131 aras\u0131nda, kapsaml\u0131 g\u0131da ve t\u0131bbi yard\u0131m da\u011f\u0131t\u0131m kampanyalar\u0131 y\u00fcr\u00fctmek, \u00fcniversite \u00f6\u011frencilerine mali ve akademik destek sa\u011flamak, ayr\u0131ca \u00e7ocuklara ve yerinden edilmi\u015f ki\u015filere entegre sa\u011fl\u0131k ve e\u011fitim hizmetleri sunmak yer almaktad\u0131r. Dernek ayr\u0131ca, \u00e7e\u015fitli at\u00f6lye \u00e7al\u0131\u015fmalar\u0131 ve e\u011fitim kurslar\u0131 d\u00fczenleyerek toplumsal fark\u0131ndal\u0131\u011f\u0131 art\u0131rmada ve faydalan\u0131c\u0131lar\u0131n beceri ve kapasitelerini geli\u015ftirmede aktif rol oynam\u0131\u015ft\u0131r.<\/p><p>Dernek, s\u00fcrd\u00fcr\u00fclebilir kalk\u0131nma projeleri geli\u015ftirmeye ve yerel ve uluslararas\u0131 ba\u011f\u0131\u015f\u00e7\u0131lar ve ortaklarla i\u015f birli\u011fini art\u0131rmaya odaklanarak, program ve hizmetlerinin kapsam\u0131n\u0131 geni\u015fletmeye devam etmeyi ama\u00e7lamaktad\u0131r. Ayr\u0131ca, merkezlerinin altyap\u0131s\u0131n\u0131 g\u00fc\u00e7lendirmeyi ve kapasitelerini geni\u015fletmeyi planlarken, ruh sa\u011fl\u0131\u011f\u0131n\u0131 desteklemek ve gen\u00e7leri ve kad\u0131nlar\u0131 ekonomik ve sosyal olarak g\u00fc\u00e7lendirmek gibi g\u00fcncel zorluklara yan\u0131t veren yeni programlar sunarak, Filistin toplumunun direncini art\u0131ran ve daha parlak ve umut dolu bir gelecek in\u015fa etmeye katk\u0131da bulunan uzun vadeli bir etki sa\u011flamay\u0131 hedeflemektedir.<\/p><p>Ayr\u0131ca dernek, kaynaklar\u0131n en verimli \u015fekilde kullan\u0131lmas\u0131n\u0131 sa\u011flamak ve projelerinin uygulanmas\u0131nda en y\u00fcksek verimlilik ve \u015feffafl\u0131k seviyelerine ula\u015fmak i\u00e7in izleme ve takip mekanizmalar\u0131 geli\u015ftirmeye \u00f6nem vermektedir; bu da hem yararlan\u0131c\u0131lar\u0131n hem de destek\u00e7ilerin g\u00fcvenini art\u0131rmaktad\u0131r.<\/p><p>\u00c7ocukluk Mutlulu\u011fu Yard\u0131m Derne\u011fi, gelece\u011fe y\u00f6nelik vizyonunun bir par\u00e7as\u0131 olarak, insani yard\u0131m ve toplumsal kalk\u0131nma alan\u0131nda \u00f6nc\u00fc bir model ve \u00f6rnek olmay\u0131, adalet, insan onuru ve toplumsal dayan\u0131\u015fma de\u011ferleri temelinde, zorluklarla ba\u015fa \u00e7\u0131kabilen ve kapsaml\u0131 kalk\u0131nmay\u0131 ba\u015farabilen g\u00fc\u00e7l\u00fc, birle\u015fik bir Filistin toplumu in\u015fa etmeye etkin bir \u015fekilde katk\u0131da bulunmay\u0131 hedeflemektedir.<\/p>\t\t\t\t\t\t\t\t<\/div>\n\t\t\t\t\t<\/div>\n\t\t\t\t<\/div>\n\t\t\t\t<\/div>\n\t\t","protected":false},"excerpt":{"rendered":"<p>Derne\u011fin hukuki stat\u00fcs\u00fc Derne\u011fi tan\u0131t\u0131yoruz \u00c7ocukluk Mutlulu\u011fu Yard\u0131m Derne\u011fi, Filistin merkezli, kar amac\u0131 g\u00fctmeyen bir hay\u0131r kurulu\u015fudur. Filistin&#8217;in Gazze \u015eeridi b\u00f6lgesinde faaliyet g\u00f6steren dernek, hay\u0131r i\u015fleri alan\u0131nda aktif kurulu\u015flardan biridir. Yetimlere sponsorluk yap\u0131lmas\u0131na katk\u0131da bulundu\u011fu yerlerde, Ve yoksul ve muhta\u00e7 ailelere yard\u0131m etmek i\u00e7in, Ve \u00f6zel ihtiya\u00e7lar\u0131 olan insanlara bak\u0131m sa\u011flamak, Dernek ayr\u0131ca bir\u00e7ok hay\u0131rseverlik, [&hellip;]<\/p>\n","protected":false},"author":1,"featured_media":0,"parent":0,"menu_order":0,"comment_status":"closed","ping_status":"closed","template":"elementor_header_footer","meta":{"give_campaign_id":0,"site-sidebar-layout":"no-sidebar","site-content-layout":"page-builder","ast-site-content-layout":"full-width-container","site-content-style":"default","site-sidebar-style":"default","ast-global-header-display":"","ast-banner-title-visibility":"","ast-main-header-display":"","ast-hfb-above-header-display":"","ast-hfb-below-header-display":"","ast-hfb-mobile-header-display":"","site-post-title":"","ast-breadcrumbs-content":"","ast-featured-img":"disabled","footer-sml-layout":"","ast-disable-related-posts":"","theme-transparent-header-meta":"default","adv-header-id-meta":"","stick-header-meta":"","header-above-stick-meta":"","header-main-stick-meta":"","header-below-stick-meta":"","astra-migrate-meta-layouts":"set","ast-page-background-enabled":"default","ast-page-background-meta":{"desktop":{"background-color":"","background-image":"","background-repeat":"repeat","background-position":"center center","background-size":"auto","background-attachment":"scroll","background-type":"","background-media":"","overlay-type":"","overlay-color":"","overlay-opacity":"","overlay-gradient":""},"tablet":{"background-color":"","background-image":"","background-repeat":"repeat","background-position":"center center","background-size":"auto","background-attachment":"scroll","background-type":"","background-media":"","overlay-type":"","overlay-color":"","overlay-opacity":"","overlay-gradient":""},"mobile":{"background-color":"","background-image":"","background-repeat":"repeat","background-position":"center center","background-size":"auto","background-attachment":"scroll","background-type":"","background-media":"","overlay-type":"","overlay-color":"","overlay-opacity":"","overlay-gradient":""}},"ast-content-background-meta":{"desktop":{"background-color":"var(--ast-global-color-5)","background-image":"","background-repeat":"repeat","background-position":"center center","background-size":"auto","background-attachment":"scroll","background-type":"","background-media":"","overlay-type":"","overlay-color":"","overlay-opacity":"","overlay-gradient":""},"tablet":{"background-color":"var(--ast-global-color-5)","background-image":"","background-repeat":"repeat","background-position":"center center","background-size":"auto","background-attachment":"scroll","background-type":"","background-media":"","overlay-type":"","overlay-color":"","overlay-opacity":"","overlay-gradient":""},"mobile":{"background-color":"var(--ast-global-color-5)","background-image":"","background-repeat":"repeat","background-position":"center center","background-size":"auto","background-attachment":"scroll","background-type":"","background-media":"","overlay-type":"","overlay-color":"","overlay-opacity":"","overlay-gradient":""}},"footnotes":""},"class_list":["post-5044","page","type-page","status-publish","hentry"],"campaignId":"","_links":{"self":[{"href":"https:\/\/cwca-ps.org\/tr\/wp-json\/wp\/v2\/pages\/5044","targetHints":{"allow":["GET"]}}],"collection":[{"href":"https:\/\/cwca-ps.org\/tr\/wp-json\/wp\/v2\/pages"}],"about":[{"href":"https:\/\/cwca-ps.org\/tr\/wp-json\/wp\/v2\/types\/page"}],"author":[{"embeddable":true,"href":"https:\/\/cwca-ps.org\/tr\/wp-json\/wp\/v2\/users\/1"}],"replies":[{"embeddable":true,"href":"https:\/\/cwca-ps.org\/tr\/wp-json\/wp\/v2\/comments?post=5044"}],"version-history":[{"count":0,"href":"https:\/\/cwca-ps.org\/tr\/wp-json\/wp\/v2\/pages\/5044\/revisions"}],"wp:attachment":[{"href":"https:\/\/cwca-ps.org\/tr\/wp-json\/wp\/v2\/media?parent=5044"}],"curies":[{"name":"wp","href":"https:\/\/api.w.org\/{rel}","templated":true}]}}